{"id":104,"date":"2024-02-05T04:29:24","date_gmt":"2024-02-05T04:29:24","guid":{"rendered":"https:\/\/hangaardinsights.dk\/?page_id=104"},"modified":"2024-05-01T20:55:49","modified_gmt":"2024-05-01T20:55:49","slug":"ydelser","status":"publish","type":"page","link":"https:\/\/hangaardinsights.dk\/index.php\/ydelser\/","title":{"rendered":"Hvad tilbyder vi"},"content":{"rendered":"\n<p><\/p>\n\n\n\n<h2 class=\"wp-block-heading has-medium-font-size\">Vores skr\u00e6ddersyede l\u00f8sninger kan sammens\u00e6ttes af flere af f\u00f8lgende elementer:<\/h2>\n\n\n\n<ul class=\"wp-block-list\">\n<li>Design og ledelse af projekt fra start til slut<\/li>\n<\/ul>\n\n\n\n<ul class=\"wp-block-list\">\n<li>Sp\u00f8rgeskemabaserede unders\u00f8gelser og analyser<\/li>\n<\/ul>\n\n\n\n<ul class=\"wp-block-list\">\n<li>Registerbaserede analyser<\/li>\n<\/ul>\n\n\n\n<ul class=\"wp-block-list\">\n<li>\u00d8vrige statistisk funderede analyser<\/li>\n<\/ul>\n\n\n\n<ul class=\"wp-block-list\">\n<li>Feltarbejde<\/li>\n<\/ul>\n\n\n\n<ul class=\"wp-block-list\">\n<li>Dybdeg\u00e5ende kvalitative interviews<\/li>\n<\/ul>\n\n\n\n<ul class=\"wp-block-list\">\n<li>Forandringsteori<\/li>\n<\/ul>\n\n\n\n<ul class=\"wp-block-list\">\n<li>Konsekvensberegninger og -vurderinger<\/li>\n<\/ul>\n\n\n\n<ul class=\"wp-block-list\">\n<li>Overenskomstberegninger<\/li>\n<\/ul>\n\n\n\n<ul class=\"wp-block-list\">\n<li>Udformning af debatindl\u00e6g og n\u00f8gletalskommentering<\/li>\n<\/ul>\n\n\n\n<ul class=\"wp-block-list\">\n<li>Kurser i metodiske tematikker, som bl.a. udvikling af sp\u00f8rgeskemaer, interviewunders\u00f8gelser og skriveteknik<\/li>\n<\/ul>\n\n\n\n<ul class=\"wp-block-list\">\n<li>Opl\u00e6g og foredrag om vidensfelter: Uddannelsessektor, uddannelsesvalg, arbejdsmarked og boligmarked<\/li>\n<\/ul>\n\n\n\n<ul class=\"wp-block-list\">\n<li>Baseline-analyser<\/li>\n<\/ul>\n\n\n\n<ul class=\"wp-block-list\">\n<li>Rapporter<\/li>\n<\/ul>\n\n\n\n<ul class=\"wp-block-list\">\n<li>Notater<\/li>\n<\/ul>\n\n\n\n<ul class=\"wp-block-list\">\n<li>Kataloger<\/li>\n<\/ul>\n\n\n\n<p>_________________________________________________________________<\/p>\n\n\n\n<h2 class=\"wp-block-heading\">Hvad kan I forvente?<\/h2>\n\n\n\n<ul class=\"wp-block-list\">\n<li>Systematisk, valid, grundig og effektiv opgavel\u00f8sning<\/li>\n<\/ul>\n\n\n\n<ul class=\"wp-block-list\">\n<li>Metodisk og politisk indsigt<\/li>\n<\/ul>\n\n\n\n<ul class=\"wp-block-list\">\n<li>Specialiseret viden om uddannelsessektor, uddannelsesvalg, arbejdsmarked og boligmarked<\/li>\n<\/ul>\n\n\n\n<ul class=\"wp-block-list\">\n<li>Opgaveafgr\u00e6nsning, afrapporteringsformat, leverancetidspunkt og pris fasts\u00e6ttes ved aftaleindg\u00e5else<\/li>\n<\/ul>\n\n\n\n<ul class=\"wp-block-list\">\n<li>Opstartssamtale til forventningsafstemning om aftalt produkt<\/li>\n<\/ul>\n\n\n\n<ul class=\"wp-block-list\">\n<li>Afrapporteringsform og -format tilpasses \u00f8nske og anvendelsesform\u00e5l.<\/li>\n<\/ul>\n","protected":false},"excerpt":{"rendered":"<p>Vores skr\u00e6ddersyede l\u00f8sninger kan sammens\u00e6ttes af flere af f\u00f8lgende elementer: _________________________________________________________________ Hvad kan I forvente?<\/p>\n","protected":false},"author":1,"featured_media":0,"parent":0,"menu_order":0,"comment_status":"closed","ping_status":"closed","template":"","meta":{"footnotes":""},"class_list":["post-104","page","type-page","status-publish","hentry"],"_links":{"self":[{"href":"https:\/\/hangaardinsights.dk\/index.php\/wp-json\/wp\/v2\/pages\/104","targetHints":{"allow":["GET"]}}],"collection":[{"href":"https:\/\/hangaardinsights.dk\/index.php\/wp-json\/wp\/v2\/pages"}],"about":[{"href":"https:\/\/hangaardinsights.dk\/index.php\/wp-json\/wp\/v2\/types\/page"}],"author":[{"embeddable":true,"href":"https:\/\/hangaardinsights.dk\/index.php\/wp-json\/wp\/v2\/users\/1"}],"replies":[{"embeddable":true,"href":"https:\/\/hangaardinsights.dk\/index.php\/wp-json\/wp\/v2\/comments?post=104"}],"version-history":[{"count":7,"href":"https:\/\/hangaardinsights.dk\/index.php\/wp-json\/wp\/v2\/pages\/104\/revisions"}],"predecessor-version":[{"id":146,"href":"https:\/\/hangaardinsights.dk\/index.php\/wp-json\/wp\/v2\/pages\/104\/revisions\/146"}],"wp:attachment":[{"href":"https:\/\/hangaardinsights.dk\/index.php\/wp-json\/wp\/v2\/media?parent=104"}],"curies":[{"name":"wp","href":"https:\/\/api.w.org\/{rel}","templated":true}]}}