{"id":106,"date":"2024-02-05T04:31:16","date_gmt":"2024-02-05T04:31:16","guid":{"rendered":"https:\/\/hangaardinsights.dk\/?page_id=106"},"modified":"2025-01-24T12:48:47","modified_gmt":"2025-01-24T12:48:47","slug":"os","status":"publish","type":"page","link":"https:\/\/hangaardinsights.dk\/index.php\/os\/","title":{"rendered":"Hvem er vi"},"content":{"rendered":"\n<p>Vi er en familiedrevet virksomhed baseret i Lyn\u00e6s med mere end 10 \u00e5rs erfaringer med analyser og unders\u00f8gelser af samfundsrelevante problemstillinger. Vi er uddannet indenfor antropologi og \u00f8konomi. Vores fagligheder betyder, at vi favner bredt og samtidig kan kombinere antropologiske og \u00f8konomiske metoder til at levere det bedste produkt.<\/p>\n\n\n\n<div class=\"wp-block-group is-layout-constrained wp-block-group-is-layout-constrained\">\n<h2 class=\"wp-block-heading has-medium-font-size\">Kontakt<\/h2>\n<\/div>\n\n\n\n<div class=\"wp-block-group is-layout-constrained wp-block-group-is-layout-constrained\">\n<p>Antropolog og partner Mathilde Hangaard<br>\/\/ m@hangaardinsights.dk \/\/ 4083 8453 \/\/<\/p>\n\n\n\n<p>\u00d8konom og partner Jacob Hangaard <br>\/\/ j@hangaardinsights.dk \/\/ 9154 1800 \/\/<\/p>\n\n\n\n<p><\/p>\n<\/div>\n","protected":false},"excerpt":{"rendered":"<p>Vi er en familiedrevet virksomhed baseret i Lyn\u00e6s med mere end 10 \u00e5rs erfaringer med analyser og unders\u00f8gelser af samfundsrelevante problemstillinger. Vi er uddannet indenfor antropologi og \u00f8konomi. Vores fagligheder betyder, at vi favner bredt og samtidig kan kombinere antropologiske og \u00f8konomiske metoder til at levere det bedste produkt. Kontakt Antropolog og partner Mathilde Hangaard\/\/ [&hellip;]<\/p>\n","protected":false},"author":1,"featured_media":0,"parent":0,"menu_order":0,"comment_status":"closed","ping_status":"closed","template":"","meta":{"footnotes":""},"class_list":["post-106","page","type-page","status-publish","hentry"],"_links":{"self":[{"href":"https:\/\/hangaardinsights.dk\/index.php\/wp-json\/wp\/v2\/pages\/106","targetHints":{"allow":["GET"]}}],"collection":[{"href":"https:\/\/hangaardinsights.dk\/index.php\/wp-json\/wp\/v2\/pages"}],"about":[{"href":"https:\/\/hangaardinsights.dk\/index.php\/wp-json\/wp\/v2\/types\/page"}],"author":[{"embeddable":true,"href":"https:\/\/hangaardinsights.dk\/index.php\/wp-json\/wp\/v2\/users\/1"}],"replies":[{"embeddable":true,"href":"https:\/\/hangaardinsights.dk\/index.php\/wp-json\/wp\/v2\/comments?post=106"}],"version-history":[{"count":9,"href":"https:\/\/hangaardinsights.dk\/index.php\/wp-json\/wp\/v2\/pages\/106\/revisions"}],"predecessor-version":[{"id":378,"href":"https:\/\/hangaardinsights.dk\/index.php\/wp-json\/wp\/v2\/pages\/106\/revisions\/378"}],"wp:attachment":[{"href":"https:\/\/hangaardinsights.dk\/index.php\/wp-json\/wp\/v2\/media?parent=106"}],"curies":[{"name":"wp","href":"https:\/\/api.w.org\/{rel}","templated":true}]}}