{"id":153,"date":"2024-05-02T11:32:12","date_gmt":"2024-05-02T11:32:12","guid":{"rendered":"https:\/\/hangaardinsights.dk\/?page_id=153"},"modified":"2025-01-24T12:48:13","modified_gmt":"2025-01-24T12:48:13","slug":"en-alsidig-analyse-og-konsulentvirksomhed","status":"publish","type":"page","link":"https:\/\/hangaardinsights.dk\/index.php\/en-alsidig-analyse-og-konsulentvirksomhed\/","title":{"rendered":"Alsidig konsulent- &#038; analysevirksomhed"},"content":{"rendered":"\n<p><strong>HVEM ER VI?<\/strong><\/p>\n\n\n\n<p>Vi er en <strong>familiedrevet<\/strong> virksomhed baseret i Lyn\u00e6s med mere end 10 \u00e5rs erfaringer med analyser og unders\u00f8gelser af samfundsrelevante problemstillinger.<\/p>\n\n\n\n<p>Vores virksomhed er pr\u00e6get af h\u00f8j faglighed, som har bund i vores uddannelser som hhv. <strong>antropolog<\/strong> (cand.scient.anth) og <strong>\u00f8konom<\/strong> (cand.polit) samt vores l\u00e6ngerevarende erfaringer fra bl.a. Danmarks Evalueringsinstitut, Fagbev\u00e6gelsens Hovedorganisation, Dansk Byggeri og Dansk Industri.<\/p>\n\n\n\n<p>Vores fagligheder betyder, at vi <strong>sp\u00e6nder bredt<\/strong> kompetencem\u00e6ssigt og kan kombinere kvalitative og kvantitative metoder til at levere det bedste produkt.<\/p>\n\n\n\n<p><br><strong>HVAD KAN I FORVENTE?<\/strong><\/p>\n\n\n\n<ul class=\"wp-block-list\">\n<li>Systematisk, valid, grundig og effektiv opgavel\u00f8sning<br><\/li>\n\n\n\n<li>Metodisk og politisk indsigt<br><\/li>\n\n\n\n<li>Skarp formidling b\u00e5de skriftligt og mundtligt<br><\/li>\n\n\n\n<li>Specialiseret viden om uddannelsessektor, uddannelsesvalg, arbejdsmarked og boligmarked<br><\/li>\n\n\n\n<li>T\u00e6t dialog og p\u00e5lideligt samarbejde<br><\/li>\n\n\n\n<li>Afgr\u00e6nsning af opgave og leverance ud fra form\u00e5l, behov og ramme <br><\/li>\n<\/ul>\n\n\n\n<p><br><strong>KONTAKT<\/strong><\/p>\n\n\n\n<p>Antropolog og partner Mathilde Hangaard<br>\/\/ m@hangaardinsights.dk \/\/ 4083 8453 \/\/<\/p>\n\n\n\n<p>\u00d8konom og partner Jacob Hangaard <br>\/\/ j@hangaardinsights.dk \/\/ 9154 1800 \/\/<\/p>\n\n\n\n<p><\/p>\n\n\n\n<p><\/p>\n","protected":false},"excerpt":{"rendered":"<p>HVEM ER VI? Vi er en familiedrevet virksomhed baseret i Lyn\u00e6s med mere end 10 \u00e5rs erfaringer med analyser og unders\u00f8gelser af samfundsrelevante problemstillinger. Vores virksomhed er pr\u00e6get af h\u00f8j faglighed, som har bund i vores uddannelser som hhv. antropolog (cand.scient.anth) og \u00f8konom (cand.polit) samt vores l\u00e6ngerevarende erfaringer fra bl.a. Danmarks Evalueringsinstitut, Fagbev\u00e6gelsens Hovedorganisation, Dansk [&hellip;]<\/p>\n","protected":false},"author":1,"featured_media":0,"parent":0,"menu_order":0,"comment_status":"closed","ping_status":"closed","template":"","meta":{"footnotes":""},"class_list":["post-153","page","type-page","status-publish","hentry"],"_links":{"self":[{"href":"https:\/\/hangaardinsights.dk\/index.php\/wp-json\/wp\/v2\/pages\/153","targetHints":{"allow":["GET"]}}],"collection":[{"href":"https:\/\/hangaardinsights.dk\/index.php\/wp-json\/wp\/v2\/pages"}],"about":[{"href":"https:\/\/hangaardinsights.dk\/index.php\/wp-json\/wp\/v2\/types\/page"}],"author":[{"embeddable":true,"href":"https:\/\/hangaardinsights.dk\/index.php\/wp-json\/wp\/v2\/users\/1"}],"replies":[{"embeddable":true,"href":"https:\/\/hangaardinsights.dk\/index.php\/wp-json\/wp\/v2\/comments?post=153"}],"version-history":[{"count":24,"href":"https:\/\/hangaardinsights.dk\/index.php\/wp-json\/wp\/v2\/pages\/153\/revisions"}],"predecessor-version":[{"id":377,"href":"https:\/\/hangaardinsights.dk\/index.php\/wp-json\/wp\/v2\/pages\/153\/revisions\/377"}],"wp:attachment":[{"href":"https:\/\/hangaardinsights.dk\/index.php\/wp-json\/wp\/v2\/media?parent=153"}],"curies":[{"name":"wp","href":"https:\/\/api.w.org\/{rel}","templated":true}]}}