{"id":155,"date":"2024-05-02T11:31:23","date_gmt":"2024-05-02T11:31:23","guid":{"rendered":"https:\/\/hangaardinsights.dk\/?page_id=155"},"modified":"2025-01-24T14:57:14","modified_gmt":"2025-01-24T14:57:14","slug":"skraeddersyede-loesninger","status":"publish","type":"page","link":"https:\/\/hangaardinsights.dk\/index.php\/skraeddersyede-loesninger\/","title":{"rendered":"Skr\u00e6ddersyede l\u00f8sninger"},"content":{"rendered":"\n<p>Vi tilbyder evalueringer, analyser og unders\u00f8gelser af forskellig karakter. Derudover tilbyder vi opl\u00e6g om uddannelsessektor, uddannelsesvalg, arbejdsmarked og boligmarked samt om metodiske tematikker som evaluering, skriveteknik, kvantitative og kvalitative metoder<\/p>\n\n\n\n<h2 class=\"wp-block-heading has-medium-font-size\">Vores l\u00f8sninger kan sammens\u00e6ttes af et eller flere af f\u00f8lgende elementer:<\/h2>\n\n\n\n<p><strong>PROJEKTLEDELSE<\/strong><\/p>\n\n\n\n<ul class=\"wp-block-list\">\n<li>Design og ledelse af projekt (unders\u00f8gelse, evaluering, analyse) fra start til slut<\/li>\n\n\n\n<li>Udvikling af forandringsteori og opf\u00f8lgning herp\u00e5<br><\/li>\n<\/ul>\n\n\n\n<p><strong>KVALITATIVE METODER<\/strong><\/p>\n\n\n\n<ul class=\"wp-block-list\">\n<li>Dybdeg\u00e5ende kvalitative interview, herunder semi-strukturerede interview, narrative interview, gruppe- og fokusgruppeinterview<\/li>\n\n\n\n<li>Observation og deltagerobservation<\/li>\n\n\n\n<li>Tv\u00e6rg\u00e5ende framework-analyser af st\u00f8rre og mindre skala<\/li>\n\n\n\n<li>Forl\u00f8bsunders\u00f8gelser<br><\/li>\n<\/ul>\n\n\n\n<p><strong>KVANTITATIVE METODER OG BEREGNINGER<\/strong><\/p>\n\n\n\n<ul class=\"wp-block-list\">\n<li>Sp\u00f8rgeskemabaserede unders\u00f8gelser og analyser<\/li>\n\n\n\n<li>Registerbaserede analyser<\/li>\n\n\n\n<li>\u00d8vrige statistisk funderede analyser<\/li>\n\n\n\n<li>Konsekvensberegninger og -vurderinger<\/li>\n\n\n\n<li>Overenskomstberegninger samt l\u00f8n- og arbejdsmarkedsstatistik<br><\/li>\n<\/ul>\n\n\n\n<p><strong>FORMIDLING OG KOMMUNIKATION<\/strong><\/p>\n\n\n\n<ul class=\"wp-block-list\">\n<li>Analyser, rapporter, notater, inspirationsh\u00e6fter<\/li>\n\n\n\n<li>Debatindl\u00e6g <\/li>\n\n\n\n<li>Opl\u00e6g: Uddannelsessektor, uddannelsesvalg, arbejdsmarked og boligmarked<\/li>\n\n\n\n<li>Kurser i metodiske tematikker, som bl.a. udvikling af sp\u00f8rgeskemaer, interviewunders\u00f8gelser og skriveteknik<\/li>\n<\/ul>\n","protected":false},"excerpt":{"rendered":"<p>Vi tilbyder evalueringer, analyser og unders\u00f8gelser af forskellig karakter. Derudover tilbyder vi opl\u00e6g om uddannelsessektor, uddannelsesvalg, arbejdsmarked og boligmarked samt om metodiske tematikker som evaluering, skriveteknik, kvantitative og kvalitative metoder Vores l\u00f8sninger kan sammens\u00e6ttes af et eller flere af f\u00f8lgende elementer: PROJEKTLEDELSE KVALITATIVE METODER KVANTITATIVE METODER OG BEREGNINGER FORMIDLING OG KOMMUNIKATION<\/p>\n","protected":false},"author":1,"featured_media":0,"parent":0,"menu_order":0,"comment_status":"closed","ping_status":"closed","template":"","meta":{"footnotes":""},"class_list":["post-155","page","type-page","status-publish","hentry"],"_links":{"self":[{"href":"https:\/\/hangaardinsights.dk\/index.php\/wp-json\/wp\/v2\/pages\/155","targetHints":{"allow":["GET"]}}],"collection":[{"href":"https:\/\/hangaardinsights.dk\/index.php\/wp-json\/wp\/v2\/pages"}],"about":[{"href":"https:\/\/hangaardinsights.dk\/index.php\/wp-json\/wp\/v2\/types\/page"}],"author":[{"embeddable":true,"href":"https:\/\/hangaardinsights.dk\/index.php\/wp-json\/wp\/v2\/users\/1"}],"replies":[{"embeddable":true,"href":"https:\/\/hangaardinsights.dk\/index.php\/wp-json\/wp\/v2\/comments?post=155"}],"version-history":[{"count":10,"href":"https:\/\/hangaardinsights.dk\/index.php\/wp-json\/wp\/v2\/pages\/155\/revisions"}],"predecessor-version":[{"id":410,"href":"https:\/\/hangaardinsights.dk\/index.php\/wp-json\/wp\/v2\/pages\/155\/revisions\/410"}],"wp:attachment":[{"href":"https:\/\/hangaardinsights.dk\/index.php\/wp-json\/wp\/v2\/media?parent=155"}],"curies":[{"name":"wp","href":"https:\/\/api.w.org\/{rel}","templated":true}]}}