{"id":346,"date":"2024-08-13T18:33:59","date_gmt":"2024-08-13T18:33:59","guid":{"rendered":"https:\/\/hangaardinsights.dk\/?page_id=346"},"modified":"2024-08-13T19:12:35","modified_gmt":"2024-08-13T19:12:35","slug":"saerlig-ekspertise","status":"publish","type":"page","link":"https:\/\/hangaardinsights.dk\/index.php\/saerlig-ekspertise\/","title":{"rendered":"S\u00e6rlig ekspertise"},"content":{"rendered":"\n<p>Udover at besk\u00e6ftige os bredt med relevante samfundsm\u00e6ssige problemstillinger, har vi gennem \u00e5rene opbygget s\u00e6rlig ekspertise om udvalgte vidensomr\u00e5der: Unges uddannelsesvalg, ungdomsuddannelser, erhvervspraktik, arbejdsmarked og boligmarked.<\/p>\n\n\n\n<p>Vi holder gerne foredrag, workshops og opl\u00e6g om p\u00e5g\u00e6ldende vidensomr\u00e5der p\u00e5 temadage, teamm\u00f8der og konferencer samt i andre relevante sammenh\u00e6nge. <\/p>\n\n\n\n<p><\/p>\n\n\n\n<p><\/p>\n\n\n\n<p><strong>Links til udvalgte ekspertudtalelser <\/strong><\/p>\n\n\n\n<p><\/p>\n\n\n\n<p><em>Uddannelsesvalg, erhvervsuddannelser, FGU og erhvervspraktik<strong><br><\/strong><\/em><br><a href=\"https:\/\/politiken.dk\/danmark\/uddannelse\/art8558744\/Samfundet-skriger-p%C3%A5-fagl%C3%A6rte-men-allerede-i-8.-klasse-dropper-unge-den-id%C3%A9\">Samfundet skriger p\u00e5 fagl\u00e6rte, men allerede i 8. klasse dropper unge den id\u00e9 &#8211; politiken.dk<\/a><\/p>\n\n\n\n<p><a href=\"https:\/\/politiken.dk\/danmark\/uddannelse\/art8624901\/Unge-trives-bedre-p%C3%A5-erhvervsskoler-end-i-gymnasiet\">Unge trives bedre p\u00e5 erhvervsskoler end i gymnasiet &#8211; politiken.dk<\/a><\/p>\n\n\n\n<p><a href=\"https:\/\/www.folkeskolen.dk\/skolen-i-samfundet-uddannelsesvejledning-udskoling\/undersogelse-allerede-i-8-klasse-har-de-unge-lagt-sig-fast-pa-valg-om-gymnasiet\/4120079\">Unders\u00f8gelse: Allerede i 8. klasse har de unge lagt sig fast p\u00e5 valg om gymnasiet (folkeskolen.dk)<\/a><\/p>\n\n\n\n<p><a href=\"https:\/\/www.a4medier.dk\/uddannelse\/artikel\/rapport-slaar-fast-fgu-laerere-og-ledere-mener-ikke-at-fgu-kan-rumme-de-dybt-forskellige-typer-elever\">Rapport sl\u00e5r fast: FGU kan ikke rumme de dybt forskellige typer elever (a4medier.dk)<\/a><\/p>\n\n\n\n<p><a href=\"https:\/\/fagbladet3f.dk\/obligatorisk-erhvervspraktik-kan-styrke-erhvervsuddannelser\/\">Mangel p\u00e5 arbejdskraft: Obligatorisk erhvervspraktik kan styrke erhvervsuddannelser &#8211; Fagbladet3f<\/a><\/p>\n\n\n\n<p><\/p>\n\n\n\n<p><em>Boligmarked og arbejdsmarked<\/em><\/p>\n\n\n\n<p><a href=\"https:\/\/www.dr.dk\/nyheder\/regionale\/hovedstadsomraadet\/desperate-studerende-kan-ikke-finde-studieboliger-i-koebenhavn\">Desperate studerende kan ikke finde studieboliger i K\u00f8benhavn | K\u00f8benhavn | DR<\/a><\/p>\n\n\n\n<p><a href=\"https:\/\/www.tv2kosmopol.dk\/lorryland\/her-bor-folk-paa-faerrest-kvadratmeter-person\">Her bor folk p\u00e5 f\u00e6rrest kvadratmeter per person | TV 2 Kosmopol<\/a><\/p>\n\n\n\n<p><a href=\"https:\/\/www.tv2east.dk\/sjaelland-og-oeerne\/corona-goer-sommerhusmarkedet-usikkert\">Corona g\u00f8r sommerhusmarkedet usikkert | TV2 \u00d8ST (tv2east.dk)<\/a><\/p>\n\n\n\n<p><a href=\"https:\/\/bygtek.dk\/artikel\/byggeri\/stop-and-go-for-beskftigelsen-p-arbejdsmarkedet\">Stop-and-go for besk\u00e6ftigelsen p\u00e5 | BygTek.dk<\/a><\/p>\n\n\n\n<p><a href=\"https:\/\/ekstrabladet.dk\/Haandvaerkeren\/boom-i-branchen-flere-ansatte-og-flere-virksomheder\/7790556\">Boom i branchen: Flere ansatte og flere virksomheder \u2013 Ekstra Bladet<\/a><\/p>\n","protected":false},"excerpt":{"rendered":"<p>Udover at besk\u00e6ftige os bredt med relevante samfundsm\u00e6ssige problemstillinger, har vi gennem \u00e5rene opbygget s\u00e6rlig ekspertise om udvalgte vidensomr\u00e5der: Unges uddannelsesvalg, ungdomsuddannelser, erhvervspraktik, arbejdsmarked og boligmarked. Vi holder gerne foredrag, workshops og opl\u00e6g om p\u00e5g\u00e6ldende vidensomr\u00e5der p\u00e5 temadage, teamm\u00f8der og konferencer samt i andre relevante sammenh\u00e6nge. Links til udvalgte ekspertudtalelser Uddannelsesvalg, erhvervsuddannelser, FGU og erhvervspraktikSamfundet [&hellip;]<\/p>\n","protected":false},"author":1,"featured_media":0,"parent":0,"menu_order":0,"comment_status":"closed","ping_status":"closed","template":"","meta":{"footnotes":""},"class_list":["post-346","page","type-page","status-publish","hentry"],"_links":{"self":[{"href":"https:\/\/hangaardinsights.dk\/index.php\/wp-json\/wp\/v2\/pages\/346","targetHints":{"allow":["GET"]}}],"collection":[{"href":"https:\/\/hangaardinsights.dk\/index.php\/wp-json\/wp\/v2\/pages"}],"about":[{"href":"https:\/\/hangaardinsights.dk\/index.php\/wp-json\/wp\/v2\/types\/page"}],"author":[{"embeddable":true,"href":"https:\/\/hangaardinsights.dk\/index.php\/wp-json\/wp\/v2\/users\/1"}],"replies":[{"embeddable":true,"href":"https:\/\/hangaardinsights.dk\/index.php\/wp-json\/wp\/v2\/comments?post=346"}],"version-history":[{"count":8,"href":"https:\/\/hangaardinsights.dk\/index.php\/wp-json\/wp\/v2\/pages\/346\/revisions"}],"predecessor-version":[{"id":362,"href":"https:\/\/hangaardinsights.dk\/index.php\/wp-json\/wp\/v2\/pages\/346\/revisions\/362"}],"wp:attachment":[{"href":"https:\/\/hangaardinsights.dk\/index.php\/wp-json\/wp\/v2\/media?parent=346"}],"curies":[{"name":"wp","href":"https:\/\/api.w.org\/{rel}","templated":true}]}}